{"id":352,"date":"2015-06-09T19:14:04","date_gmt":"2015-06-09T19:14:04","guid":{"rendered":"http:\/\/namida-art.com\/?page_id=352"},"modified":"2023-11-09T14:40:56","modified_gmt":"2023-11-09T13:40:56","slug":"bio","status":"publish","type":"page","link":"https:\/\/namida-art.com\/?page_id=352","title":{"rendered":"Biographie"},"content":{"rendered":"<p><strong>D\u00e9marche Artistique<\/strong><\/p>\n<p>L&#8217;inexplicable, l&#8217;inaccessible et surtout l&#8217;inavouable. Les r\u00eaves sont souvent un reflet de la r\u00e9alit\u00e9, un prolongement de notre m\u00e9moire ou simplement une manifestation de nos d\u00e9sirs cach\u00e9s. Mes personnages sont ce reflet de ma r\u00e9alit\u00e9. Ils font partis de mes r\u00eaves, de mon pass\u00e9. Ils n&#8217;ont pas besoin de voir, ils d\u00e9voilent ce que je n&#8217;ai pas su dire en mots. Ils sont une partie de moi. Je manipule toutes sortes de m\u00e9diums. J&#8217;aime le dessin traditionnel au plomb, il me replonge dans mes d\u00e9buts et me sert d&#8217;ancre quand il n&#8217;y a plus d&#8217;inspiration. L&#8217;encre de chine me sert surtout \u00e0 exploiter mon c\u00f4t\u00e9 enfant et de mettre sur papiers tous ces monstre imaginaires qui se cachaient dans les recoins de notre chambre \u00e9tant petit. Ce que je privil\u00e9gie est l&#8217;art num\u00e9rique. Je manipule ma tablette graphique comme une toile. Mes personnages sont n\u00e9s du besoin de m&#8217;exprimer sans avoir besoin de mots.<\/p>\n<p>Ils sont ce qu&#8217;il y a en moi.<\/p>\n<p>N\u00e9e en 1986, je suis une artiste num\u00e9rique, illustratrice et sculptrice d&#8217;origine qu\u00e9b\u00e9coise. La passion du dessin m&#8217;a touch\u00e9e d\u00e8s mon plus jeune age. Ma m\u00e8re, artiste peintre, a effectivement \u00e9norm\u00e9ment influenc\u00e9 mon parcours. Je me suis donc naturellement tourn\u00e9e vers des \u00e9tudes d&#8217;art plastiques. J&#8217;ai termin\u00e9 mes \u00e9tudes d&#8217;arts traditionnels avec distinction apr\u00e8s 2 ans au C\u00e9gep Notre-Dame-de-Foy \u00e0 Qu\u00e9bec. La curiosit\u00e9 m&#8217;a alors pousser \u00e0 d\u00e9couvrir de nouveaux m\u00e9dias et c&#8217;est alors que j&#8217;ai entrepris une formation en illustration et en conception de jeux vid\u00e9os au Coll\u00e8ge O&#8217;Sullivan \u00e0 Qu\u00e9bec, que j&#8217;ai termin\u00e9 avec mention, ce qui m&#8217;a permis de recevoir la bourse d&#8217;Ubisoft. J&#8217;ai continu\u00e9 professionnellement dans cette voie pendant 6 ans et j&#8217;ai ouvert ma propre entreprise de m\u00e9dias interactifs dans la ville de Qu\u00e9bec. Le monde de l&#8217;informatique m&#8217;a fait d\u00e9couvrir de nouveaux mondes o\u00f9 j&#8217;ai pu rencontrer des artistes d\u2019exceptions aupr\u00e8s desquels j&#8217;ai appris \u00e0 me servir d&#8217;un ordinateur comme d&#8217;un pinceau. Je fais donc de la peinture num\u00e9rique depuis 15 ans, en parall\u00e8le de mon activit\u00e9 professionnelle et expose depuis juillet 2022 au Mus\u00e9e Dark-Art, galerie d&#8217;art de Qu\u00e9bec. En 2015, j\u2019ai \u00e9largi mes horizons en allant m&#8217;installer \u00e0 Paris. Je vis aujourd&#8217;hui dans l&#8217;Oise o\u00f9 j&#8217;ai pu ouvrir ma boutique.<\/p>\n","protected":false},"excerpt":{"rendered":"<p>D\u00e9marche Artistique L&#8217;inexplicable, l&#8217;inaccessible et surtout l&#8217;inavouable. Les r\u00eaves sont souvent un reflet de la r\u00e9alit\u00e9, un prolongement de notre m\u00e9moire ou simplement une manifestation de nos d\u00e9sirs cach\u00e9s. Mes personnages sont ce reflet de ma r\u00e9alit\u00e9. Ils font partis de mes r\u00eaves, de mon pass\u00e9. Ils n&#8217;ont pas besoin de voir, ils d\u00e9voilent ce [&hellip;]<\/p>\n","protected":false},"author":1,"featured_media":0,"parent":0,"menu_order":0,"comment_status":"closed","ping_status":"open","template":"","meta":{"footnotes":""},"class_list":["post-352","page","type-page","status-publish","hentry"],"_links":{"self":[{"href":"https:\/\/namida-art.com\/index.php?rest_route=\/wp\/v2\/pages\/352","targetHints":{"allow":["GET"]}}],"collection":[{"href":"https:\/\/namida-art.com\/index.php?rest_route=\/wp\/v2\/pages"}],"about":[{"href":"https:\/\/namida-art.com\/index.php?rest_route=\/wp\/v2\/types\/page"}],"author":[{"embeddable":true,"href":"https:\/\/namida-art.com\/index.php?rest_route=\/wp\/v2\/users\/1"}],"replies":[{"embeddable":true,"href":"https:\/\/namida-art.com\/index.php?rest_route=%2Fwp%2Fv2%2Fcomments&post=352"}],"version-history":[{"count":12,"href":"https:\/\/namida-art.com\/index.php?rest_route=\/wp\/v2\/pages\/352\/revisions"}],"predecessor-version":[{"id":2095,"href":"https:\/\/namida-art.com\/index.php?rest_route=\/wp\/v2\/pages\/352\/revisions\/2095"}],"wp:attachment":[{"href":"https:\/\/namida-art.com\/index.php?rest_route=%2Fwp%2Fv2%2Fmedia&parent=352"}],"curies":[{"name":"wp","href":"https:\/\/api.w.org\/{rel}","templated":true}]}}