{"id":2216,"date":"2025-11-11T20:59:51","date_gmt":"2025-11-11T19:59:51","guid":{"rendered":"https:\/\/namida-art.com\/?page_id=2216"},"modified":"2025-11-11T21:06:20","modified_gmt":"2025-11-11T20:06:20","slug":"livres","status":"publish","type":"page","link":"https:\/\/namida-art.com\/?page_id=2216","title":{"rendered":"Livres"},"content":{"rendered":"\n<figure class=\"wp-block-image alignright size-large is-resized\"><a href=\"https:\/\/namida-art.com\/wp-content\/uploads\/2025\/11\/557408718_1456652186126283_6788651014893511786_n-1.jpg\"><img loading=\"lazy\" decoding=\"async\" width=\"682\" height=\"1024\" src=\"https:\/\/namida-art.com\/wp-content\/uploads\/2025\/11\/557408718_1456652186126283_6788651014893511786_n-1-682x1024.jpg\" alt=\"\" class=\"wp-image-2218\" style=\"aspect-ratio:0.6982421875;width:408px;height:auto\" srcset=\"https:\/\/namida-art.com\/wp-content\/uploads\/2025\/11\/557408718_1456652186126283_6788651014893511786_n-1-682x1024.jpg 682w, https:\/\/namida-art.com\/wp-content\/uploads\/2025\/11\/557408718_1456652186126283_6788651014893511786_n-1-200x300.jpg 200w, https:\/\/namida-art.com\/wp-content\/uploads\/2025\/11\/557408718_1456652186126283_6788651014893511786_n-1-768x1153.jpg 768w, https:\/\/namida-art.com\/wp-content\/uploads\/2025\/11\/557408718_1456652186126283_6788651014893511786_n-1-1023x1536.jpg 1023w, https:\/\/namida-art.com\/wp-content\/uploads\/2025\/11\/557408718_1456652186126283_6788651014893511786_n-1.jpg 1364w\" sizes=\"auto, (max-width: 682px) 100vw, 682px\" \/><\/a><\/figure>\n\n\n\n<p><strong>Carnet de Ink &#8211; Tome 1<\/strong><\/p>\n\n\n\n<p class=\"has-text-align-left\">Ink est un petit Ratoureux qui a soif d&#8217;aventures. Dans ce recueil de dessins faits \u00e0 l&#8217;encre de Chine, suivez Ink \u00e0 travers son p\u00e9riple d&#8217;un mois dans un univers tout \u00e0 fait singulier.<\/p>\n\n\n\n<p><\/p>\n\n\n\n<p class=\"has-text-align-left\">Disponible sur commande<\/p>\n\n\n\n<p class=\"has-text-align-left\">Pour commander, m&#8217;\u00e9crire \u00e0 <a href=\"mailto:contacte@namida-art.com\">contact@namida-art.com<\/a> <\/p>\n","protected":false},"excerpt":{"rendered":"<p>Carnet de Ink &#8211; Tome 1 Ink est un petit Ratoureux qui a soif d&#8217;aventures. Dans ce recueil de dessins faits \u00e0 l&#8217;encre de Chine, suivez Ink \u00e0 travers son p\u00e9riple d&#8217;un mois dans un univers tout \u00e0 fait singulier. Disponible sur commande Pour commander, m&#8217;\u00e9crire \u00e0 contact@namida-art.com<\/p>\n","protected":false},"author":1,"featured_media":0,"parent":0,"menu_order":0,"comment_status":"closed","ping_status":"closed","template":"","meta":{"footnotes":""},"class_list":["post-2216","page","type-page","status-publish","hentry"],"_links":{"self":[{"href":"https:\/\/namida-art.com\/index.php?rest_route=\/wp\/v2\/pages\/2216","targetHints":{"allow":["GET"]}}],"collection":[{"href":"https:\/\/namida-art.com\/index.php?rest_route=\/wp\/v2\/pages"}],"about":[{"href":"https:\/\/namida-art.com\/index.php?rest_route=\/wp\/v2\/types\/page"}],"author":[{"embeddable":true,"href":"https:\/\/namida-art.com\/index.php?rest_route=\/wp\/v2\/users\/1"}],"replies":[{"embeddable":true,"href":"https:\/\/namida-art.com\/index.php?rest_route=%2Fwp%2Fv2%2Fcomments&post=2216"}],"version-history":[{"count":3,"href":"https:\/\/namida-art.com\/index.php?rest_route=\/wp\/v2\/pages\/2216\/revisions"}],"predecessor-version":[{"id":2220,"href":"https:\/\/namida-art.com\/index.php?rest_route=\/wp\/v2\/pages\/2216\/revisions\/2220"}],"wp:attachment":[{"href":"https:\/\/namida-art.com\/index.php?rest_route=%2Fwp%2Fv2%2Fmedia&parent=2216"}],"curies":[{"name":"wp","href":"https:\/\/api.w.org\/{rel}","templated":true}]}}