{"id":2085,"date":"2023-11-09T14:23:56","date_gmt":"2023-11-09T13:23:56","guid":{"rendered":"https:\/\/namida-art.com\/?page_id=2085"},"modified":"2023-11-09T14:42:49","modified_gmt":"2023-11-09T13:42:49","slug":"paques","status":"publish","type":"page","link":"https:\/\/namida-art.com\/?page_id=2085","title":{"rendered":"P\u00e2ques"},"content":{"rendered":"\n<p>Je vous invite a suivre le Lapin Blanc <img loading=\"lazy\" decoding=\"async\" height=\"16\" width=\"16\" src=\"https:\/\/static.xx.fbcdn.net\/images\/emoji.php\/v9\/t29\/1\/16\/1f430.png\" alt=\"\ud83d\udc30\"> Jusqu\u2019o\u00f9 le suivrez-vous? Attention, il pourrait vous entra\u00eener vers les t\u00e9n\u00e8bres\u2026<\/p>\n\n\n<style type=\"text\/css\" scoped>.rbs_gallery_6a069a7c36ce5Spinner{\r\n\t\t\t\tmargin: 50px auto;\r\n\t\t\t\twidth: 50px;\r\n\t\t\t\theight: 40px;\r\n\t\t\t\ttext-align: center;\r\n\t\t\t\tfont-size: 10px;\r\n\t\t\t}\r\n\t\t\t.rbs_gallery_6a069a7c36ce5Spinner > div{\r\n\t\t\t  background-color: #333;\r\n\t\t\t  height: 100%;\r\n\t\t\t  width: 6px;\r\n\t\t\t  display: inline-block;\r\n\t\t\t  -webkit-animation: rbs_gallery_6a069a7c36ce5-stretchdelay 1.2s infinite ease-in-out;\r\n\t\t\t  animation: rbs_gallery_6a069a7c36ce5-stretchdelay 1.2s infinite ease-in-out;\r\n\t\t\t}\r\n\t\t\t.rbs_gallery_6a069a7c36ce5Spinner .rbs_gallery_6a069a7c36ce5Rect2 {\r\n\t\t\t  -webkit-animation-delay: -1.1s;\r\n\t\t\t  animation-delay: -1.1s;\r\n\t\t\t}\r\n\t\t\t.rbs_gallery_6a069a7c36ce5Spinner .rbs_gallery_6a069a7c36ce5Rect3 {\r\n\t\t\t  -webkit-animation-delay: -1.0s;\r\n\t\t\t  animation-delay: -1.0s;\r\n\t\t\t}\r\n\t\t\t.rbs_gallery_6a069a7c36ce5Spinner .rbs_gallery_6a069a7c36ce5Rect4 {\r\n\t\t\t  -webkit-animation-delay: -0.9s;\r\n\t\t\t  animation-delay: -0.9s;\r\n\t\t\t}\r\n\t\t\t.rbs_gallery_6a069a7c36ce5Spinner .rbs_gallery_6a069a7c36ce5Rect5 {\r\n\t\t\t  -webkit-animation-delay: -0.8s;\r\n\t\t\t  animation-delay: -0.8s;\r\n\t\t\t}\r\n\t\t\t@-webkit-keyframes rbs_gallery_6a069a7c36ce5-stretchdelay {\r\n\t\t\t  0%, 40%, 100% { -webkit-transform: scaleY(0.4) }  \r\n\t\t\t  20% { -webkit-transform: scaleY(1.0) }\r\n\t\t\t}\r\n\t\t\t@keyframes rbs_gallery_6a069a7c36ce5-stretchdelay {\r\n\t\t\t  0%, 40%, 100% { \r\n\t\t\t    transform: scaleY(0.4);\r\n\t\t\t    -webkit-transform: scaleY(0.4);\r\n\t\t\t  }  20% { \r\n\t\t\t    transform: scaleY(1.0);\r\n\t\t\t    -webkit-transform: scaleY(1.0);\r\n\t\t\t  }\r\n\t\t\t}\r\n\t\t<\/style><div class=\"robo-gallery-wrap robo-gallery-wrap-id1961 robo-gallery-grid\" ><div id=\"rbs_gallery_6a069a7c36ce5-block-loader\" class=\"rbs_gallery_6a069a7c36ce5Spinner\"><div class=\"rbs_gallery_6a069a7c36ce5Rect1\"><\/div> <div class=\"rbs_gallery_6a069a7c36ce5Rect2\"><\/div> <div class=\"rbs_gallery_6a069a7c36ce5Rect3\"><\/div> <div class=\"rbs_gallery_6a069a7c36ce5Rect4\"><\/div> <div class=\"rbs_gallery_6a069a7c36ce5Rect5\"><\/div><\/div><div id=\"robo_gallery_main_block_rbs_gallery_6a069a7c36ce5\" class=\"robogallery-gallery-1961\" style=\"width:100%;  display: none;\"><div id=\"rbs_gallery_6a069a7c36ce5\" data-options=\"rbs_gallery_6a069a7c36ce5\" style=\"width:100%;\" class=\"robo_gallery  \"><div class=\"rbs-img  category1961 \" ><div class=\"rbs-img-image   rbs-lightbox \" ><div class=\"rbs-img-thumbs\"  data-thumbnail=\"https:\/\/namida-art.com\/wp-content\/uploads\/2023\/11\/Lapin02.jpg\"  title=\"Lapin\"  data-width=\"500\"  data-height=\"625\" ><\/div><div class=\"rbs-img-data-popup\"  data-popup=\"https:\/\/namida-art.com\/wp-content\/uploads\/2023\/11\/Lapin02.jpg\"  title=\"Lapin\" ><\/div><div class=\"thumbnail-overlay\"><div class=\"rbsTitle \">Lapin<\/div><div class=\"rbsIcons\"><i class=\"fa fa-search-plus rbsZoomIcon \" ><\/i><\/div><\/div><\/div><\/div><div class=\"rbs-img  category1961 \" ><div class=\"rbs-img-image   rbs-lightbox \" ><div class=\"rbs-img-thumbs\"  data-thumbnail=\"https:\/\/namida-art.com\/wp-content\/uploads\/2023\/11\/Lapin01.jpg\"  title=\"Lapin\"  data-width=\"500\"  data-height=\"625\" ><\/div><div class=\"rbs-img-data-popup\"  data-popup=\"https:\/\/namida-art.com\/wp-content\/uploads\/2023\/11\/Lapin01.jpg\"  title=\"Lapin\" ><\/div><div class=\"thumbnail-overlay\"><div class=\"rbsTitle \">Lapin<\/div><div class=\"rbsIcons\"><i class=\"fa fa-search-plus rbsZoomIcon \" ><\/i><\/div><\/div><\/div><\/div><div class=\"rbs-img  category1961 \" ><div class=\"rbs-img-image   rbs-lightbox \" ><div class=\"rbs-img-thumbs\"  data-thumbnail=\"https:\/\/namida-art.com\/wp-content\/uploads\/2023\/11\/ATLapin07.jpg\"  title=\"Attache-th\u00e9 Lapin\"  data-width=\"500\"  data-height=\"625\" ><\/div><div class=\"rbs-img-data-popup\"  data-popup=\"https:\/\/namida-art.com\/wp-content\/uploads\/2023\/11\/ATLapin07.jpg\"  title=\"Attache-th\u00e9 Lapin\" ><\/div><div class=\"thumbnail-overlay\"><div class=\"rbsTitle \">Attache-th\u00e9 Lapin<\/div><div class=\"rbsIcons\"><i class=\"fa fa-search-plus rbsZoomIcon \" ><\/i><\/div><\/div><\/div><\/div><div class=\"rbs-img  category1961 \" ><div class=\"rbs-img-image   rbs-lightbox \" ><div class=\"rbs-img-thumbs\"  data-thumbnail=\"https:\/\/namida-art.com\/wp-content\/uploads\/2023\/11\/ATLapin08.jpg\"  title=\"Attache-th\u00e9 Lapin\"  data-width=\"500\"  data-height=\"625\" ><\/div><div class=\"rbs-img-data-popup\"  data-popup=\"https:\/\/namida-art.com\/wp-content\/uploads\/2023\/11\/ATLapin08.jpg\"  title=\"Attache-th\u00e9 Lapin\" ><\/div><div class=\"thumbnail-overlay\"><div class=\"rbsTitle \">Attache-th\u00e9 Lapin<\/div><div class=\"rbsIcons\"><i class=\"fa fa-search-plus rbsZoomIcon \" ><\/i><\/div><\/div><\/div><\/div><div class=\"rbs-img  category1961 \" ><div class=\"rbs-img-image   rbs-lightbox \" ><div class=\"rbs-img-thumbs\"  data-thumbnail=\"https:\/\/namida-art.com\/wp-content\/uploads\/2023\/11\/ATLapin05.jpg\"  title=\"Attache-th\u00e9 Lapin\"  data-width=\"500\"  data-height=\"625\" ><\/div><div class=\"rbs-img-data-popup\"  data-popup=\"https:\/\/namida-art.com\/wp-content\/uploads\/2023\/11\/ATLapin05.jpg\"  title=\"Attache-th\u00e9 Lapin\" ><\/div><div class=\"thumbnail-overlay\"><div class=\"rbsTitle \">Attache-th\u00e9 Lapin<\/div><div class=\"rbsIcons\"><i class=\"fa fa-search-plus rbsZoomIcon \" ><\/i><\/div><\/div><\/div><\/div><div class=\"rbs-img  category1961 \" ><div class=\"rbs-img-image   rbs-lightbox \" ><div class=\"rbs-img-thumbs\"  data-thumbnail=\"https:\/\/namida-art.com\/wp-content\/uploads\/2023\/11\/ATLapin06.jpg\"  title=\"Attache-th\u00e9 Lapin\"  data-width=\"500\"  data-height=\"625\" ><\/div><div class=\"rbs-img-data-popup\"  data-popup=\"https:\/\/namida-art.com\/wp-content\/uploads\/2023\/11\/ATLapin06.jpg\"  title=\"Attache-th\u00e9 Lapin\" ><\/div><div class=\"thumbnail-overlay\"><div class=\"rbsTitle \">Attache-th\u00e9 Lapin<\/div><div class=\"rbsIcons\"><i class=\"fa fa-search-plus rbsZoomIcon \" ><\/i><\/div><\/div><\/div><\/div><div class=\"rbs-img  category1961 \" ><div class=\"rbs-img-image   rbs-lightbox \" ><div class=\"rbs-img-thumbs\"  data-thumbnail=\"https:\/\/namida-art.com\/wp-content\/uploads\/2023\/11\/ATLapin01.jpg\"  title=\"Attache-th\u00e9 Lapin\"  data-width=\"500\"  data-height=\"625\" ><\/div><div class=\"rbs-img-data-popup\"  data-popup=\"https:\/\/namida-art.com\/wp-content\/uploads\/2023\/11\/ATLapin01.jpg\"  title=\"Attache-th\u00e9 Lapin\" ><\/div><div class=\"thumbnail-overlay\"><div class=\"rbsTitle \">Attache-th\u00e9 Lapin<\/div><div class=\"rbsIcons\"><i class=\"fa fa-search-plus rbsZoomIcon \" ><\/i><\/div><\/div><\/div><\/div><div class=\"rbs-img  category1961 \" ><div class=\"rbs-img-image   rbs-lightbox \" ><div class=\"rbs-img-thumbs\"  data-thumbnail=\"https:\/\/namida-art.com\/wp-content\/uploads\/2023\/11\/ATLapin02.jpg\"  title=\"Attache-th\u00e9 Lapin\"  data-width=\"500\"  data-height=\"625\" ><\/div><div class=\"rbs-img-data-popup\"  data-popup=\"https:\/\/namida-art.com\/wp-content\/uploads\/2023\/11\/ATLapin02.jpg\"  title=\"Attache-th\u00e9 Lapin\" ><\/div><div class=\"thumbnail-overlay\"><div class=\"rbsTitle \">Attache-th\u00e9 Lapin<\/div><div class=\"rbsIcons\"><i class=\"fa fa-search-plus rbsZoomIcon \" ><\/i><\/div><\/div><\/div><\/div><\/div><\/div><\/div><script>var rbs_gallery_6a069a7c36ce5 = {\"version\":\"5.1.0\",\"id\":1961,\"class\":\"id1961\",\"roboGalleryDelay\":1000,\"mainContainer\":\"#robo_gallery_main_block_rbs_gallery_6a069a7c36ce5\",\"loadingContainer\":\"#rbs_gallery_6a069a7c36ce5-block-loader\",\"loadingContainerObj\":\"rbs_gallery_6a069a7c36ce5-block-loader\",\"columnWidth\":\"auto\",\"columns\":3,\"resolutions\":[{\"columnWidth\":\"auto\",\"columns\":3,\"maxWidth\":960},{\"columnWidth\":\"auto\",\"columns\":2,\"maxWidth\":650},{\"columnWidth\":\"auto\",\"columns\":1,\"maxWidth\":450}],\"lightboxOptions\":{\"gallery\":{\"enabled\":true,\"tCounter\":\"%curr% of %total%\"}},\"overlayEffect\":\"direction-aware-fade\",\"boxesToLoadStart\":12,\"boxesToLoad\":8,\"waitUntilThumbLoads\":1,\"LoadingWord\":\"Loading...\",\"loadMoreWord\":\"Load More\",\"noMoreEntriesWord\":\"No More Entries\",\"horizontalSpaceBetweenBoxes\":15,\"verticalSpaceBetweenBoxes\":15,\"lazyLoad\":1,\"wrapContainer\":\"#robo-gallery-wrap-rbs_gallery_6a069a7c36ce5\"};<\/script>","protected":false},"excerpt":{"rendered":"<p>Je vous invite a suivre le Lapin Blanc Jusqu\u2019o\u00f9 le suivrez-vous? Attention, il pourrait vous entra\u00eener vers les t\u00e9n\u00e8bres\u2026<\/p>\n","protected":false},"author":1,"featured_media":0,"parent":1778,"menu_order":0,"comment_status":"closed","ping_status":"closed","template":"","meta":{"footnotes":""},"class_list":["post-2085","page","type-page","status-publish","hentry"],"_links":{"self":[{"href":"https:\/\/namida-art.com\/index.php?rest_route=\/wp\/v2\/pages\/2085","targetHints":{"allow":["GET"]}}],"collection":[{"href":"https:\/\/namida-art.com\/index.php?rest_route=\/wp\/v2\/pages"}],"about":[{"href":"https:\/\/namida-art.com\/index.php?rest_route=\/wp\/v2\/types\/page"}],"author":[{"embeddable":true,"href":"https:\/\/namida-art.com\/index.php?rest_route=\/wp\/v2\/users\/1"}],"replies":[{"embeddable":true,"href":"https:\/\/namida-art.com\/index.php?rest_route=%2Fwp%2Fv2%2Fcomments&post=2085"}],"version-history":[{"count":2,"href":"https:\/\/namida-art.com\/index.php?rest_route=\/wp\/v2\/pages\/2085\/revisions"}],"predecessor-version":[{"id":2096,"href":"https:\/\/namida-art.com\/index.php?rest_route=\/wp\/v2\/pages\/2085\/revisions\/2096"}],"up":[{"embeddable":true,"href":"https:\/\/namida-art.com\/index.php?rest_route=\/wp\/v2\/pages\/1778"}],"wp:attachment":[{"href":"https:\/\/namida-art.com\/index.php?rest_route=%2Fwp%2Fv2%2Fmedia&parent=2085"}],"curies":[{"name":"wp","href":"https:\/\/api.w.org\/{rel}","templated":true}]}}