{"id":2083,"date":"2023-11-09T14:21:43","date_gmt":"2023-11-09T13:21:43","guid":{"rendered":"https:\/\/namida-art.com\/?page_id=2083"},"modified":"2023-11-09T14:22:22","modified_gmt":"2023-11-09T13:22:22","slug":"halloween","status":"publish","type":"page","link":"https:\/\/namida-art.com\/?page_id=2083","title":{"rendered":"Halloween"},"content":{"rendered":"\n<p>Des citrouilles aux d\u00e9mon, en passant par l&#8217;amusement et l&#8217;angoisse, venez d\u00e9couvrir un univers myst\u00e9rieux et cauchemardesque. Ici s&#8217;ouvrent les portes de Samhain. <\/p>\n\n\n<style type=\"text\/css\" scoped>.rbs_gallery_6a069bbb17637Spinner{\r\n\t\t\t\tmargin: 50px auto;\r\n\t\t\t\twidth: 50px;\r\n\t\t\t\theight: 40px;\r\n\t\t\t\ttext-align: center;\r\n\t\t\t\tfont-size: 10px;\r\n\t\t\t}\r\n\t\t\t.rbs_gallery_6a069bbb17637Spinner > div{\r\n\t\t\t  background-color: #333;\r\n\t\t\t  height: 100%;\r\n\t\t\t  width: 6px;\r\n\t\t\t  display: inline-block;\r\n\t\t\t  -webkit-animation: rbs_gallery_6a069bbb17637-stretchdelay 1.2s infinite ease-in-out;\r\n\t\t\t  animation: rbs_gallery_6a069bbb17637-stretchdelay 1.2s infinite ease-in-out;\r\n\t\t\t}\r\n\t\t\t.rbs_gallery_6a069bbb17637Spinner .rbs_gallery_6a069bbb17637Rect2 {\r\n\t\t\t  -webkit-animation-delay: -1.1s;\r\n\t\t\t  animation-delay: -1.1s;\r\n\t\t\t}\r\n\t\t\t.rbs_gallery_6a069bbb17637Spinner .rbs_gallery_6a069bbb17637Rect3 {\r\n\t\t\t  -webkit-animation-delay: -1.0s;\r\n\t\t\t  animation-delay: -1.0s;\r\n\t\t\t}\r\n\t\t\t.rbs_gallery_6a069bbb17637Spinner .rbs_gallery_6a069bbb17637Rect4 {\r\n\t\t\t  -webkit-animation-delay: -0.9s;\r\n\t\t\t  animation-delay: -0.9s;\r\n\t\t\t}\r\n\t\t\t.rbs_gallery_6a069bbb17637Spinner .rbs_gallery_6a069bbb17637Rect5 {\r\n\t\t\t  -webkit-animation-delay: -0.8s;\r\n\t\t\t  animation-delay: -0.8s;\r\n\t\t\t}\r\n\t\t\t@-webkit-keyframes rbs_gallery_6a069bbb17637-stretchdelay {\r\n\t\t\t  0%, 40%, 100% { -webkit-transform: scaleY(0.4) }  \r\n\t\t\t  20% { -webkit-transform: scaleY(1.0) }\r\n\t\t\t}\r\n\t\t\t@keyframes rbs_gallery_6a069bbb17637-stretchdelay {\r\n\t\t\t  0%, 40%, 100% { \r\n\t\t\t    transform: scaleY(0.4);\r\n\t\t\t    -webkit-transform: scaleY(0.4);\r\n\t\t\t  }  20% { \r\n\t\t\t    transform: scaleY(1.0);\r\n\t\t\t    -webkit-transform: scaleY(1.0);\r\n\t\t\t  }\r\n\t\t\t}\r\n\t\t<\/style><div class=\"robo-gallery-wrap robo-gallery-wrap-id1928 robo-gallery-grid\" ><div id=\"rbs_gallery_6a069bbb17637-block-loader\" class=\"rbs_gallery_6a069bbb17637Spinner\"><div class=\"rbs_gallery_6a069bbb17637Rect1\"><\/div> <div class=\"rbs_gallery_6a069bbb17637Rect2\"><\/div> <div class=\"rbs_gallery_6a069bbb17637Rect3\"><\/div> <div class=\"rbs_gallery_6a069bbb17637Rect4\"><\/div> <div class=\"rbs_gallery_6a069bbb17637Rect5\"><\/div><\/div><div id=\"robo_gallery_main_block_rbs_gallery_6a069bbb17637\" class=\"robogallery-gallery-1928\" style=\"width:100%;  display: none;\"><div id=\"rbs_gallery_6a069bbb17637\" data-options=\"rbs_gallery_6a069bbb17637\" style=\"width:100%;\" class=\"robo_gallery  \"><div class=\"rbs-img  category1928 \" ><div class=\"rbs-img-image   rbs-lightbox \" ><div class=\"rbs-img-thumbs\"  data-thumbnail=\"https:\/\/namida-art.com\/wp-content\/uploads\/2024\/09\/Beetlejuice04.jpg\"  title=\"\"  data-width=\"500\"  data-height=\"625\" ><\/div><div class=\"rbs-img-data-popup\"  data-popup=\"https:\/\/namida-art.com\/wp-content\/uploads\/2024\/09\/Beetlejuice04.jpg\"  title=\"\" ><\/div><div class=\"thumbnail-overlay\"><div class=\"rbsTitle \"><\/div><div class=\"rbsIcons\"><i class=\"fa fa-search-plus rbsZoomIcon \" ><\/i><\/div><\/div><\/div><\/div><div class=\"rbs-img  category1928 \" ><div class=\"rbs-img-image   rbs-lightbox \" ><div class=\"rbs-img-thumbs\"  data-thumbnail=\"https:\/\/namida-art.com\/wp-content\/uploads\/2024\/09\/Beetlejuice02.jpg\"  title=\"Beetlejuice02\"  data-width=\"500\"  data-height=\"625\" ><\/div><div class=\"rbs-img-data-popup\"  data-popup=\"https:\/\/namida-art.com\/wp-content\/uploads\/2024\/09\/Beetlejuice02.jpg\"  title=\"Beetlejuice02\" ><\/div><div class=\"thumbnail-overlay\"><div class=\"rbsTitle \">Beetlejuice02<\/div><div class=\"rbsIcons\"><i class=\"fa fa-search-plus rbsZoomIcon \" ><\/i><\/div><\/div><\/div><\/div><div class=\"rbs-img  category1928 \" ><div class=\"rbs-img-image   rbs-lightbox \" ><div class=\"rbs-img-thumbs\"  data-thumbnail=\"https:\/\/namida-art.com\/wp-content\/uploads\/2024\/09\/Beetlejuice01.jpg\"  title=\"Beetlejuice01\"  data-width=\"500\"  data-height=\"625\" ><\/div><div class=\"rbs-img-data-popup\"  data-popup=\"https:\/\/namida-art.com\/wp-content\/uploads\/2024\/09\/Beetlejuice01.jpg\"  title=\"Beetlejuice01\" ><\/div><div class=\"thumbnail-overlay\"><div class=\"rbsTitle \">Beetlejuice01<\/div><div class=\"rbsIcons\"><i class=\"fa fa-search-plus rbsZoomIcon \" ><\/i><\/div><\/div><\/div><\/div><div class=\"rbs-img  category1928 \" ><div class=\"rbs-img-image   rbs-lightbox \" ><div class=\"rbs-img-thumbs\"  data-thumbnail=\"https:\/\/namida-art.com\/wp-content\/uploads\/2024\/09\/ATJack01.jpg\"  title=\"ATJack01\"  data-width=\"500\"  data-height=\"625\" ><\/div><div class=\"rbs-img-data-popup\"  data-popup=\"https:\/\/namida-art.com\/wp-content\/uploads\/2024\/09\/ATJack01.jpg\"  title=\"ATJack01\" ><\/div><div class=\"thumbnail-overlay\"><div class=\"rbsTitle \">ATJack01<\/div><div class=\"rbsIcons\"><i class=\"fa fa-search-plus rbsZoomIcon \" ><\/i><\/div><\/div><\/div><\/div><div class=\"rbs-img  category1928 \" ><div class=\"rbs-img-image   rbs-lightbox \" ><div class=\"rbs-img-thumbs\"  data-thumbnail=\"https:\/\/namida-art.com\/wp-content\/uploads\/2023\/11\/ATJack03.jpg\"  title=\"Attache-th\u00e9 Jack\"  data-width=\"500\"  data-height=\"625\" ><\/div><div class=\"rbs-img-data-popup\"  data-popup=\"https:\/\/namida-art.com\/wp-content\/uploads\/2023\/11\/ATJack03.jpg\"  title=\"Attache-th\u00e9 Jack\" ><\/div><div class=\"thumbnail-overlay\"><div class=\"rbsTitle \">Attache-th\u00e9 Jack<\/div><div class=\"rbsIcons\"><i class=\"fa fa-search-plus rbsZoomIcon \" ><\/i><\/div><\/div><\/div><\/div><div class=\"rbs-img  category1928 \" ><div class=\"rbs-img-image   rbs-lightbox \" ><div class=\"rbs-img-thumbs\"  data-thumbnail=\"https:\/\/namida-art.com\/wp-content\/uploads\/2024\/09\/ATJack02.jpg\"  title=\"ATJack02\"  data-width=\"500\"  data-height=\"625\" ><\/div><div class=\"rbs-img-data-popup\"  data-popup=\"https:\/\/namida-art.com\/wp-content\/uploads\/2024\/09\/ATJack02.jpg\"  title=\"ATJack02\" ><\/div><div class=\"thumbnail-overlay\"><div class=\"rbsTitle \">ATJack02<\/div><div class=\"rbsIcons\"><i class=\"fa fa-search-plus rbsZoomIcon \" ><\/i><\/div><\/div><\/div><\/div><div class=\"rbs-img  category1928 \" ><div class=\"rbs-img-image   rbs-lightbox \" ><div class=\"rbs-img-thumbs\"  data-thumbnail=\"https:\/\/namida-art.com\/wp-content\/uploads\/2023\/11\/Hallowee01.jpg\"  title=\"Porte Halloween\"  data-width=\"500\"  data-height=\"625\" ><\/div><div class=\"rbs-img-data-popup\"  data-popup=\"https:\/\/namida-art.com\/wp-content\/uploads\/2023\/11\/Hallowee01.jpg\"  title=\"Porte Halloween\" ><\/div><div class=\"thumbnail-overlay\"><div class=\"rbsTitle \">Porte Halloween<\/div><div class=\"rbsIcons\"><i class=\"fa fa-search-plus rbsZoomIcon \" ><\/i><\/div><\/div><\/div><\/div><div class=\"rbs-img  category1928 \" ><div class=\"rbs-img-image   rbs-lightbox \" ><div class=\"rbs-img-thumbs\"  data-thumbnail=\"https:\/\/namida-art.com\/wp-content\/uploads\/2023\/11\/Hall05.jpg\"  title=\"Trick or treat\"  data-width=\"500\"  data-height=\"625\" ><\/div><div class=\"rbs-img-data-popup\"  data-popup=\"https:\/\/namida-art.com\/wp-content\/uploads\/2023\/11\/Hall05.jpg\"  title=\"Trick or treat\" ><\/div><div class=\"thumbnail-overlay\"><div class=\"rbsTitle \">Trick or treat<\/div><div class=\"rbsIcons\"><i class=\"fa fa-search-plus rbsZoomIcon \" ><\/i><\/div><\/div><\/div><\/div><div class=\"rbs-img  category1928 \" ><div class=\"rbs-img-image   rbs-lightbox \" ><div class=\"rbs-img-thumbs\"  data-thumbnail=\"https:\/\/namida-art.com\/wp-content\/uploads\/2023\/11\/Hall02.jpg\"  title=\"Poison Citrouilles\"  data-width=\"500\"  data-height=\"625\" ><\/div><div class=\"rbs-img-data-popup\"  data-popup=\"https:\/\/namida-art.com\/wp-content\/uploads\/2023\/11\/Hall02.jpg\"  title=\"Poison Citrouilles\" ><\/div><div class=\"thumbnail-overlay\"><div class=\"rbsTitle \">Poison Citrouilles<\/div><div class=\"rbsIcons\"><i class=\"fa fa-search-plus rbsZoomIcon \" ><\/i><\/div><\/div><\/div><\/div><\/div><\/div><\/div><script>var rbs_gallery_6a069bbb17637 = {\"version\":\"5.1.0\",\"id\":1928,\"class\":\"id1928\",\"roboGalleryDelay\":1000,\"mainContainer\":\"#robo_gallery_main_block_rbs_gallery_6a069bbb17637\",\"loadingContainer\":\"#rbs_gallery_6a069bbb17637-block-loader\",\"loadingContainerObj\":\"rbs_gallery_6a069bbb17637-block-loader\",\"columnWidth\":\"auto\",\"columns\":3,\"resolutions\":[{\"columnWidth\":\"auto\",\"columns\":3,\"maxWidth\":960},{\"columnWidth\":\"auto\",\"columns\":2,\"maxWidth\":650},{\"columnWidth\":\"auto\",\"columns\":1,\"maxWidth\":450}],\"lightboxOptions\":{\"gallery\":{\"enabled\":true,\"tCounter\":\"%curr% of %total%\"}},\"overlayEffect\":\"direction-aware-fade\",\"boxesToLoadStart\":12,\"boxesToLoad\":8,\"waitUntilThumbLoads\":1,\"LoadingWord\":\"Loading...\",\"loadMoreWord\":\"Load More\",\"noMoreEntriesWord\":\"No More Entries\",\"horizontalSpaceBetweenBoxes\":15,\"verticalSpaceBetweenBoxes\":15,\"lazyLoad\":1,\"wrapContainer\":\"#robo-gallery-wrap-rbs_gallery_6a069bbb17637\"};<\/script>","protected":false},"excerpt":{"rendered":"<p>Des citrouilles aux d\u00e9mon, en passant par l&#8217;amusement et l&#8217;angoisse, venez d\u00e9couvrir un univers myst\u00e9rieux et cauchemardesque. Ici s&#8217;ouvrent les portes de Samhain.<\/p>\n","protected":false},"author":1,"featured_media":0,"parent":1778,"menu_order":0,"comment_status":"closed","ping_status":"closed","template":"","meta":{"footnotes":""},"class_list":["post-2083","page","type-page","status-publish","hentry"],"_links":{"self":[{"href":"https:\/\/namida-art.com\/index.php?rest_route=\/wp\/v2\/pages\/2083","targetHints":{"allow":["GET"]}}],"collection":[{"href":"https:\/\/namida-art.com\/index.php?rest_route=\/wp\/v2\/pages"}],"about":[{"href":"https:\/\/namida-art.com\/index.php?rest_route=\/wp\/v2\/types\/page"}],"author":[{"embeddable":true,"href":"https:\/\/namida-art.com\/index.php?rest_route=\/wp\/v2\/users\/1"}],"replies":[{"embeddable":true,"href":"https:\/\/namida-art.com\/index.php?rest_route=%2Fwp%2Fv2%2Fcomments&post=2083"}],"version-history":[{"count":1,"href":"https:\/\/namida-art.com\/index.php?rest_route=\/wp\/v2\/pages\/2083\/revisions"}],"predecessor-version":[{"id":2084,"href":"https:\/\/namida-art.com\/index.php?rest_route=\/wp\/v2\/pages\/2083\/revisions\/2084"}],"up":[{"embeddable":true,"href":"https:\/\/namida-art.com\/index.php?rest_route=\/wp\/v2\/pages\/1778"}],"wp:attachment":[{"href":"https:\/\/namida-art.com\/index.php?rest_route=%2Fwp%2Fv2%2Fmedia&parent=2083"}],"curies":[{"name":"wp","href":"https:\/\/api.w.org\/{rel}","templated":true}]}}