{"id":2049,"date":"2023-11-09T10:50:14","date_gmt":"2023-11-09T09:50:14","guid":{"rendered":"https:\/\/namida-art.com\/?page_id=2049"},"modified":"2023-11-10T09:20:53","modified_gmt":"2023-11-10T08:20:53","slug":"i","status":"publish","type":"page","link":"https:\/\/namida-art.com\/?page_id=2049","title":{"rendered":"Illustrations"},"content":{"rendered":"\n<p>Illustrations r\u00e9alis\u00e9es \u00e0 l&#8217;encre de chine, \u00e0 l&#8217;aquarelle ou aux crayons de couleurs.<\/p>\n\n\n\n<figure class=\"wp-block-gallery has-nested-images columns-default is-cropped wp-block-gallery-1 is-layout-flex wp-block-gallery-is-layout-flex\">\n<figure class=\"wp-block-image size-full\"><a href=\"https:\/\/namida-art.com\/?robo_gallery_table=ink-2014\"><img loading=\"lazy\" decoding=\"async\" width=\"500\" height=\"625\" data-id=\"2097\" src=\"https:\/\/namida-art.com\/wp-content\/uploads\/2023\/11\/Ink2014BTN.jpg\" alt=\"\" class=\"wp-image-2097\" srcset=\"https:\/\/namida-art.com\/wp-content\/uploads\/2023\/11\/Ink2014BTN.jpg 500w, https:\/\/namida-art.com\/wp-content\/uploads\/2023\/11\/Ink2014BTN-240x300.jpg 240w\" sizes=\"auto, (max-width: 500px) 100vw, 500px\" \/><\/a><\/figure>\n\n\n\n<figure class=\"wp-block-image size-full\"><a href=\"https:\/\/namida-art.com\/?robo_gallery_table=ink-2015\"><img loading=\"lazy\" decoding=\"async\" width=\"500\" height=\"625\" data-id=\"2098\" src=\"https:\/\/namida-art.com\/wp-content\/uploads\/2023\/11\/Ink2015BTN.jpg\" alt=\"\" class=\"wp-image-2098\" srcset=\"https:\/\/namida-art.com\/wp-content\/uploads\/2023\/11\/Ink2015BTN.jpg 500w, https:\/\/namida-art.com\/wp-content\/uploads\/2023\/11\/Ink2015BTN-240x300.jpg 240w\" sizes=\"auto, (max-width: 500px) 100vw, 500px\" \/><\/a><\/figure>\n\n\n\n<figure class=\"wp-block-image size-full\"><a href=\"https:\/\/namida-art.com\/?robo_gallery_table=ink-2023\"><img loading=\"lazy\" decoding=\"async\" width=\"500\" height=\"625\" data-id=\"2100\" src=\"https:\/\/namida-art.com\/wp-content\/uploads\/2023\/11\/Monstres2023BTN.jpg\" alt=\"\" class=\"wp-image-2100\" srcset=\"https:\/\/namida-art.com\/wp-content\/uploads\/2023\/11\/Monstres2023BTN.jpg 500w, https:\/\/namida-art.com\/wp-content\/uploads\/2023\/11\/Monstres2023BTN-240x300.jpg 240w\" sizes=\"auto, (max-width: 500px) 100vw, 500px\" \/><\/a><\/figure>\n\n\n\n<figure class=\"wp-block-image size-large\"><a href=\"https:\/\/namida-art.com\/?page_id=2128\"><img loading=\"lazy\" decoding=\"async\" width=\"500\" height=\"625\" data-id=\"2130\" src=\"https:\/\/namida-art.com\/wp-content\/uploads\/2023\/11\/SkullsBTN.jpg\" alt=\"\" class=\"wp-image-2130\" srcset=\"https:\/\/namida-art.com\/wp-content\/uploads\/2023\/11\/SkullsBTN.jpg 500w, https:\/\/namida-art.com\/wp-content\/uploads\/2023\/11\/SkullsBTN-240x300.jpg 240w\" sizes=\"auto, (max-width: 500px) 100vw, 500px\" \/><\/a><\/figure>\n\n\n\n<figure class=\"wp-block-image size-large\"><img loading=\"lazy\" decoding=\"async\" width=\"500\" height=\"625\" data-id=\"2132\" src=\"https:\/\/namida-art.com\/wp-content\/uploads\/2023\/11\/EmptyBTN.jpg\" alt=\"\" class=\"wp-image-2132\" srcset=\"https:\/\/namida-art.com\/wp-content\/uploads\/2023\/11\/EmptyBTN.jpg 500w, https:\/\/namida-art.com\/wp-content\/uploads\/2023\/11\/EmptyBTN-240x300.jpg 240w\" sizes=\"auto, (max-width: 500px) 100vw, 500px\" \/><\/figure>\n\n\n\n<figure class=\"wp-block-image size-large\"><img loading=\"lazy\" decoding=\"async\" width=\"500\" height=\"625\" data-id=\"2134\" src=\"https:\/\/namida-art.com\/wp-content\/uploads\/2023\/11\/EmptyBTN-1.jpg\" alt=\"\" class=\"wp-image-2134\" srcset=\"https:\/\/namida-art.com\/wp-content\/uploads\/2023\/11\/EmptyBTN-1.jpg 500w, https:\/\/namida-art.com\/wp-content\/uploads\/2023\/11\/EmptyBTN-1-240x300.jpg 240w\" sizes=\"auto, (max-width: 500px) 100vw, 500px\" \/><\/figure>\n<\/figure>\n","protected":false},"excerpt":{"rendered":"<p>Illustrations r\u00e9alis\u00e9es \u00e0 l&#8217;encre de chine, \u00e0 l&#8217;aquarelle ou aux crayons de couleurs.<\/p>\n","protected":false},"author":1,"featured_media":0,"parent":643,"menu_order":0,"comment_status":"closed","ping_status":"closed","template":"","meta":{"footnotes":""},"class_list":["post-2049","page","type-page","status-publish","hentry"],"_links":{"self":[{"href":"https:\/\/namida-art.com\/index.php?rest_route=\/wp\/v2\/pages\/2049","targetHints":{"allow":["GET"]}}],"collection":[{"href":"https:\/\/namida-art.com\/index.php?rest_route=\/wp\/v2\/pages"}],"about":[{"href":"https:\/\/namida-art.com\/index.php?rest_route=\/wp\/v2\/types\/page"}],"author":[{"embeddable":true,"href":"https:\/\/namida-art.com\/index.php?rest_route=\/wp\/v2\/users\/1"}],"replies":[{"embeddable":true,"href":"https:\/\/namida-art.com\/index.php?rest_route=%2Fwp%2Fv2%2Fcomments&post=2049"}],"version-history":[{"count":8,"href":"https:\/\/namida-art.com\/index.php?rest_route=\/wp\/v2\/pages\/2049\/revisions"}],"predecessor-version":[{"id":2137,"href":"https:\/\/namida-art.com\/index.php?rest_route=\/wp\/v2\/pages\/2049\/revisions\/2137"}],"up":[{"embeddable":true,"href":"https:\/\/namida-art.com\/index.php?rest_route=\/wp\/v2\/pages\/643"}],"wp:attachment":[{"href":"https:\/\/namida-art.com\/index.php?rest_route=%2Fwp%2Fv2%2Fmedia&parent=2049"}],"curies":[{"name":"wp","href":"https:\/\/api.w.org\/{rel}","templated":true}]}}